{"id":126,"date":"2016-02-17T13:42:08","date_gmt":"2016-02-17T13:42:08","guid":{"rendered":"http:\/\/genip.fi\/"},"modified":"2025-09-24T11:30:58","modified_gmt":"2025-09-24T09:30:58","slug":"welcome","status":"publish","type":"page","link":"https:\/\/genip.fi\/fi\/","title":{"rendered":"Tervetuloa"},"content":{"rendered":"<div id='full_slider_1'  class='avia-fullwidth-slider main_color avia-shadow   avia-builder-el-0  el_before_av_section  avia-builder-el-first   container_wrap fullsize' style=' '  ><div   data-size='no scaling'  data-lightbox_size='large'  data-animation='fade'  data-conditional_play=''  data-ids='649'  data-video_counter='0'  data-autoplay='false'  data-bg_slider='false'  data-slide_height=''  data-handle='av_slideshow_full'  data-interval='5'  data-class=' '  data-el_id=''  data-css_id=''  data-scroll_down=''  data-control_layout='av-control-default'  data-custom_markup=''  data-perma_caption=''  data-autoplay_stopper=''  data-image_attachment=''  data-min_height='0px'  data-lazy_loading='disabled'  data-src=''  data-position='top left'  data-repeat='no-repeat'  data-attach='scroll'  data-stretch=''  class='avia-slideshow avia-slideshow-1  av-control-default av-default-height-applied avia-slideshow-no scaling av_slideshow_full   avia-fade-slider '  itemprop=\"image\" itemscope=\"itemscope\" itemtype=\"https:\/\/schema.org\/ImageObject\" ><ul class='avia-slideshow-inner ' style='padding-bottom: 56.2109375%;' ><li  class=' av-single-slide slide-1 ' ><div data-rel='slideshow-1' class='avia-slide-wrap '   ><div class = \"caption_fullwidth av-slideshow-caption caption_left\"><div class = \"container caption_container\"><div class = \"slideshow_caption\"><div class = \"slideshow_inner_caption\"><div class = \"slideshow_align_caption\"><h2  style='font-size:32px; ' class='avia-caption-title  '  itemprop=\"name\" >Erinomaisen osaava<\/h2><div class='avia-caption-content  av_inherit_color'  itemprop=\"description\"   style='font-size:42px; '><p>patenttitoimisto palveluksessanne<\/p>\n<\/div><\/div><\/div><\/div><\/div><\/div><img class=\"wp-image-649 avia-img-lazy-loading-not-649\"  src=\"https:\/\/genip.fi\/fi\/wp-content\/uploads\/sites\/3\/2025\/05\/website-scaled.jpg\" width=\"2560\" height=\"1439\" title='website' alt=''  itemprop=\"thumbnailUrl\" srcset=\"https:\/\/genip.fi\/fi\/wp-content\/uploads\/sites\/3\/2025\/05\/website-scaled.jpg 2560w, https:\/\/genip.fi\/fi\/wp-content\/uploads\/sites\/3\/2025\/05\/website-300x169.jpg 300w, https:\/\/genip.fi\/fi\/wp-content\/uploads\/sites\/3\/2025\/05\/website-1030x579.jpg 1030w, https:\/\/genip.fi\/fi\/wp-content\/uploads\/sites\/3\/2025\/05\/website-768x432.jpg 768w, https:\/\/genip.fi\/fi\/wp-content\/uploads\/sites\/3\/2025\/05\/website-1536x864.jpg 1536w, https:\/\/genip.fi\/fi\/wp-content\/uploads\/sites\/3\/2025\/05\/website-2048x1151.jpg 2048w, https:\/\/genip.fi\/fi\/wp-content\/uploads\/sites\/3\/2025\/05\/website-1500x843.jpg 1500w, https:\/\/genip.fi\/fi\/wp-content\/uploads\/sites\/3\/2025\/05\/website-705x396.jpg 705w\" sizes=\"(max-width: 2560px) 100vw, 2560px\" \/><\/div><\/li><\/ul><\/div><\/div>\n<div id='company'  class='avia-section main_color avia-section-huge avia-no-border-styling  avia-bg-style-scroll  avia-builder-el-1  el_after_av_slideshow_full  el_before_av_section   container_wrap fullsize' style=' '  ><div class='container' ><div class='template-page content  av-content-full alpha units'><div class='post-entry post-entry-type-page post-entry-126'><div class='entry-content-wrapper clearfix'>\n<div  style='padding-bottom:35px; ' class='av-special-heading av-special-heading-h2  blockquote modern-quote modern-centered  avia-builder-el-2  el_before_av_one_fifth  avia-builder-el-first  '><h2 class='av-special-heading-tag '  itemprop=\"headline\"  >Yritys<\/h2><div class='special-heading-border'><div class='special-heading-inner-border' ><\/div><\/div><\/div>\n<div class=\"flex_column av_one_fifth  no_margin flex_column_div av-zero-column-padding first  avia-builder-el-3  el_after_av_heading  el_before_av_three_fifth  \" style='border-radius:0px; '><\/div><div class=\"flex_column av_three_fifth  av-animated-generic fade-in  no_margin flex_column_div av-zero-column-padding   avia-builder-el-4  el_after_av_one_fifth  el_before_av_one_fifth  \" style='border-radius:0px; '><section class=\"av_textblock_section \"  itemscope=\"itemscope\" itemtype=\"https:\/\/schema.org\/CreativeWork\" ><div class='avia_textblock  '   itemprop=\"text\" ><p style=\"text-align: left;\">Genip Oy auttaa asiakkaitaan suojaamaan teknologiaansa patenteilla ja muilla teollisoikeuksilla. Palvelukokonaisuutemme kattaa kaikki teollisoikeuksiin liittyv\u00e4t osa-alueet. Yhti\u00f6 on perustettu 2008. Kaikilla asiamiehill\u00e4mme on yli 20 vuoden ammattikokemus.<\/p>\n<p style=\"text-align: left;\">Genip Oy on joustava yritys, jolla on kokenut ja asiantunteva henkil\u00f6st\u00f6, jonka perusajatus on palvella asiakkaan etu edell\u00e4. Er\u00e4s palvelumme kulmakivist\u00e4 on pyrkimys tuntea asiakkaan teknologia ja liiketoiminta, mik\u00e4 luo puitteet laadukkaan palvelun tuottamiselle.<\/p>\n<p style=\"text-align: left;\">Meille on tuttuja mm. koneenrakennukseen, energiatekniikkaan, s\u00e4hk\u00f6tekniikkaan, ohjelmistoihin, rakennustekniikkaan ja fysiikkaan liittyv\u00e4t suojaukset. Lis\u00e4ksi meill\u00e4 on asiakkaita monikansallisista suuryhti\u00f6ist\u00e4 yksitt\u00e4isiin keksij\u00f6ihin, joten palvelut voidaan aina sovittaa asiakkaan tarpeisiin. Tarjoamme palveluitamme asiakkaille kaikilta tekniikan aloilta.<\/p>\n<\/div><\/section><\/div><div class=\"flex_column av_one_fifth  no_margin flex_column_div av-zero-column-padding   avia-builder-el-6  el_after_av_three_fifth  avia-builder-el-last  \" style='border-radius:0px; '><\/div>\n\n<\/div><\/div><\/div><!-- close content main div --><\/div><\/div><div id='service'  class='avia-section main_color avia-section-huge avia-no-shadow  avia-bg-style-scroll  avia-builder-el-7  el_after_av_section  el_before_av_layout_row   container_wrap fullsize' style='background-color: #d2d2d2;  '  ><div class='container' ><div class='template-page content  av-content-full alpha units'><div class='post-entry post-entry-type-page post-entry-126'><div class='entry-content-wrapper clearfix'>\n<div  style='padding-bottom:35px; color:#333333;' class='av-special-heading av-special-heading-h2 custom-color-heading blockquote modern-quote modern-centered  avia-builder-el-8  el_before_av_one_fifth  avia-builder-el-first  '><h2 class='av-special-heading-tag '  itemprop=\"headline\"  >Palvelut<\/h2><div class='special-heading-border'><div class='special-heading-inner-border' style='border-color:#333333'><\/div><\/div><\/div>\n<div class=\"flex_column av_one_fifth  no_margin flex_column_div av-zero-column-padding first  avia-builder-el-9  el_after_av_heading  el_before_av_three_fifth  \" style='border-radius:0px; '><\/div><div class=\"flex_column av_three_fifth  av-animated-generic fade-in  no_margin flex_column_div av-zero-column-padding   avia-builder-el-10  el_after_av_one_fifth  el_before_av_one_fifth  \" style='border-radius:0px; '><p><section class=\"av_textblock_section \"  itemscope=\"itemscope\" itemtype=\"https:\/\/schema.org\/CreativeWork\" ><div class='avia_textblock  '   itemprop=\"text\" ><p><a href=\"https:\/\/genip.fi\/fi\/palvelut\/#service_1\">Patenttihakemuksen laatiminen ja virastok\u00e4sittelyn hoitaminen<\/a><\/p>\n<p><a href=\"https:\/\/genip.fi\/fi\/palvelut\/#service_2\">Patenttiv\u00e4itteen laatiminen<\/a><\/p>\n<p><a href=\"https:\/\/genip.fi\/fi\/palvelut\/#service_4\">Varoituskirje patentin loukkauksesta?<\/a><\/p>\n<p><a href=\"https:\/\/genip.fi\/fi\/palvelut\/#service_5\">Tuotekehityksen tuki<\/a><\/p>\n<p><a href=\"https:\/\/genip.fi\/fi\/palvelut\/#service_6\">Ennakkoarviot<\/a><\/p>\n<p><a href=\"https:\/\/genip.fi\/fi\/palvelut\/#service_7\">Tuotekehityksen tulosten suojaaminen<\/a><\/p>\n<p><a href=\"https:\/\/genip.fi\/fi\/palvelut\/#service_9\">Ulkomaiset suojaus- ja selvitystoimenpiteet<\/a><\/p>\n<p><a href=\"https:\/\/genip.fi\/fi\/palvelut\/#service_10\">Kolmansien osapuolien toimenpiteet ja teollisoikeudet<\/a><\/p>\n<\/div><\/section><br \/>\n<div  class='avia-button-wrap avia-button-center  avia-builder-el-12  el_after_av_textblock  avia-builder-el-last ' ><a href='https:\/\/genip.fi\/fi\/palvelut\/'  class='avia-button  avia-color-theme-color   avia-icon_select-no avia-size-medium avia-position-center '   ><span class='avia_iconbox_title' >Lue lis\u00e4\u00e4<\/span><\/a><\/div><\/p><\/div><div class=\"flex_column av_one_fifth  no_margin flex_column_div av-zero-column-padding   avia-builder-el-13  el_after_av_three_fifth  avia-builder-el-last  \" style='border-radius:0px; '><\/div>\n\n<\/div><\/div><\/div><!-- close content main div --><\/div><\/div><div id='team'  class='av-layout-grid-container entry-content-wrapper main_color av-flex-cells     avia-builder-el-14  el_after_av_section  el_before_av_layout_row  submenu-not-first container_wrap fullsize' style=' '  >\n<div class=\"flex_cell no_margin av_one_half  avia-builder-el-15  el_before_av_cell_one_half  avia-builder-el-first   av-zero-padding \"  style='background: #465d55; vertical-align:middle; padding:0px; background-color:#465d55; ' ><div class='flex_cell_inner' ><div  class='avia-image-container  av-styling-no-styling    avia-builder-el-16  avia-builder-el-no-sibling  avia-align-right '  itemprop=\"image\" itemscope=\"itemscope\" itemtype=\"https:\/\/schema.org\/ImageObject\"  ><div class='avia-image-container-inner'><div class='avia-image-overlay-wrap'><img class='wp-image-698 avia-img-lazy-loading-not-698 avia_image' src=\"https:\/\/genip.fi\/fi\/wp-content\/uploads\/sites\/3\/2025\/09\/Jari-Ristola.jpg\" alt='' title='Jari-Ristola' height=\"1065\" width=\"710\"  itemprop=\"thumbnailUrl\" srcset=\"https:\/\/genip.fi\/fi\/wp-content\/uploads\/sites\/3\/2025\/09\/Jari-Ristola.jpg 710w, https:\/\/genip.fi\/fi\/wp-content\/uploads\/sites\/3\/2025\/09\/Jari-Ristola-200x300.jpg 200w, https:\/\/genip.fi\/fi\/wp-content\/uploads\/sites\/3\/2025\/09\/Jari-Ristola-687x1030.jpg 687w, https:\/\/genip.fi\/fi\/wp-content\/uploads\/sites\/3\/2025\/09\/Jari-Ristola-470x705.jpg 470w\" sizes=\"(max-width: 710px) 100vw, 710px\" \/><\/div><\/div><\/div>\n<\/div><\/div><div class=\"flex_cell no_margin av_one_half  avia-builder-el-17  el_after_av_cell_one_half  avia-builder-el-last   \"  style='vertical-align:middle; padding:50px; background-color:#ffffff; ' ><div class='flex_cell_inner' ><p><div  style='padding-bottom:0px; font-size:30px;' class='av-special-heading av-special-heading-h3  blockquote modern-quote  avia-builder-el-18  el_before_av_textblock  avia-builder-el-first  av-inherit-size '><h3 class='av-special-heading-tag '  itemprop=\"headline\"  >Jari Ristola<\/h3><div class='special-heading-border'><div class='special-heading-inner-border' ><\/div><\/div><\/div><br \/>\n<section class=\"av_textblock_section \"  itemscope=\"itemscope\" itemtype=\"https:\/\/schema.org\/CreativeWork\" ><div class='avia_textblock  '   itemprop=\"text\" ><p>European Patent Attorney<br \/>\nAuktorisoitu patenttiasiamies<br \/>\nTel. +358 10 6666 351<\/p>\n<\/div><\/section><br \/>\n<section class=\"av_textblock_section \"  itemscope=\"itemscope\" itemtype=\"https:\/\/schema.org\/CreativeWork\" ><div class='avia_textblock  '   itemprop=\"text\" ><p><a href=\"https:\/\/genip.fi\/fi\/jari-ristola-patenttiasiamies\/\">&gt; lue lis\u00e4\u00e4<\/a><\/p>\n<\/div><\/section><\/p>\n<\/div><\/div>\n<\/div>\n<div id='av-layout-grid-2'  class='av-layout-grid-container entry-content-wrapper main_color av-flex-cells   av-desktop-hide av-medium-hide   avia-builder-el-21  el_after_av_layout_row  el_before_av_layout_row  submenu-not-first container_wrap fullsize' style=' '  >\n<div class=\"flex_cell no_margin av_one_full  avia-builder-el-22  avia-builder-el-no-sibling   av-zero-padding \"  style='background: #ffffff; vertical-align:middle; padding:0; background-color:#ffffff; ' ><div class='flex_cell_inner' ><div  class='avia-image-container  av-styling-no-styling    avia-builder-el-23  avia-builder-el-no-sibling  avia-align-center '  itemprop=\"image\" itemscope=\"itemscope\" itemtype=\"https:\/\/schema.org\/ImageObject\"  ><div class='avia-image-container-inner'><div class='avia-image-overlay-wrap'><img class='wp-image-697 avia-img-lazy-loading-not-697 avia_image' src=\"https:\/\/genip.fi\/fi\/wp-content\/uploads\/sites\/3\/2025\/09\/Janne-Veraejaenkorva.jpg\" alt='' title='Janne-Veraejaenkorva' height=\"1065\" width=\"710\"  itemprop=\"thumbnailUrl\" srcset=\"https:\/\/genip.fi\/fi\/wp-content\/uploads\/sites\/3\/2025\/09\/Janne-Veraejaenkorva.jpg 710w, https:\/\/genip.fi\/fi\/wp-content\/uploads\/sites\/3\/2025\/09\/Janne-Veraejaenkorva-200x300.jpg 200w, https:\/\/genip.fi\/fi\/wp-content\/uploads\/sites\/3\/2025\/09\/Janne-Veraejaenkorva-687x1030.jpg 687w, https:\/\/genip.fi\/fi\/wp-content\/uploads\/sites\/3\/2025\/09\/Janne-Veraejaenkorva-470x705.jpg 470w\" sizes=\"(max-width: 710px) 100vw, 710px\" \/><\/div><\/div><\/div>\n<\/div><\/div>\n<\/div>\n<div id='av-layout-grid-3'  class='av-layout-grid-container entry-content-wrapper main_color av-flex-cells     avia-builder-el-24  el_after_av_layout_row  el_before_av_layout_row  submenu-not-first container_wrap fullsize' style=' '  >\n<div class=\"flex_cell no_margin av_one_half  avia-builder-el-25  el_before_av_cell_one_half  avia-builder-el-first   \"  style='vertical-align:middle; padding:50px; background-color:#ffffff; ' ><div class='flex_cell_inner' ><p><div  style='padding-bottom:0px; font-size:30px;' class='av-special-heading av-special-heading-h3  blockquote modern-quote  avia-builder-el-26  el_before_av_textblock  avia-builder-el-first  av-inherit-size '><h3 class='av-special-heading-tag '  itemprop=\"headline\"  >Janne Ver\u00e4j\u00e4nkorva<\/h3><div class='special-heading-border'><div class='special-heading-inner-border' ><\/div><\/div><\/div><br \/>\n<section class=\"av_textblock_section \"  itemscope=\"itemscope\" itemtype=\"https:\/\/schema.org\/CreativeWork\" ><div class='avia_textblock  '   itemprop=\"text\" ><p>European Patent Attorney<br \/>\nAuktorisoitu patenttiasiamies<br \/>\nToimitusjohtaja<\/p>\n<p>Tel. +358 10 6666 354<\/p>\n<\/div><\/section><br \/>\n<section class=\"av_textblock_section \"  itemscope=\"itemscope\" itemtype=\"https:\/\/schema.org\/CreativeWork\" ><div class='avia_textblock  '   itemprop=\"text\" ><p><a href=\"https:\/\/genip.fi\/fi\/janne-verajankorva-patenttiasiamies\/\">&gt; lue lis\u00e4\u00e4<\/a><\/p>\n<\/div><\/section><\/p>\n<\/div><\/div><div class=\"flex_cell no_margin av_one_half  avia-builder-el-29  el_after_av_cell_one_half  avia-builder-el-last   av-zero-padding av-hide-on-mobile  \"  style='background: #b9a694; vertical-align:middle; padding:0px; background-color:#b9a694; ' ><div class='flex_cell_inner' ><div  class='avia-image-container  av-styling-no-styling    avia-builder-el-30  avia-builder-el-no-sibling  avia-align-left '  itemprop=\"image\" itemscope=\"itemscope\" itemtype=\"https:\/\/schema.org\/ImageObject\"  ><div class='avia-image-container-inner'><div class='avia-image-overlay-wrap'><img class='wp-image-697 avia-img-lazy-loading-not-697 avia_image' src=\"https:\/\/genip.fi\/fi\/wp-content\/uploads\/sites\/3\/2025\/09\/Janne-Veraejaenkorva.jpg\" alt='' title='Janne-Veraejaenkorva' height=\"1065\" width=\"710\"  itemprop=\"thumbnailUrl\" srcset=\"https:\/\/genip.fi\/fi\/wp-content\/uploads\/sites\/3\/2025\/09\/Janne-Veraejaenkorva.jpg 710w, https:\/\/genip.fi\/fi\/wp-content\/uploads\/sites\/3\/2025\/09\/Janne-Veraejaenkorva-200x300.jpg 200w, https:\/\/genip.fi\/fi\/wp-content\/uploads\/sites\/3\/2025\/09\/Janne-Veraejaenkorva-687x1030.jpg 687w, https:\/\/genip.fi\/fi\/wp-content\/uploads\/sites\/3\/2025\/09\/Janne-Veraejaenkorva-470x705.jpg 470w\" sizes=\"(max-width: 710px) 100vw, 710px\" \/><\/div><\/div><\/div>\n<\/div><\/div>\n<\/div>\n<div id='av-layout-grid-4'  class='av-layout-grid-container entry-content-wrapper main_color av-flex-cells     avia-builder-el-31  el_after_av_layout_row  el_before_av_layout_row  submenu-not-first container_wrap fullsize' style=' '  >\n<div class=\"flex_cell no_margin av_one_half  avia-builder-el-32  el_before_av_cell_one_half  avia-builder-el-first   av-zero-padding \"  style='background: #465d55; vertical-align:top; padding:0; background-color:#465d55; ' ><div class='flex_cell_inner' ><div  class='avia-image-container  av-styling-no-styling    avia-builder-el-33  avia-builder-el-no-sibling  avia-align-right '  itemprop=\"image\" itemscope=\"itemscope\" itemtype=\"https:\/\/schema.org\/ImageObject\"  ><div class='avia-image-container-inner'><div class='avia-image-overlay-wrap'><img class='wp-image-700 avia-img-lazy-loading-not-700 avia_image' src=\"https:\/\/genip.fi\/fi\/wp-content\/uploads\/sites\/3\/2025\/09\/Outi-Virtaharju.jpg\" alt='' title='Outi-Virtaharju' height=\"1065\" width=\"710\"  itemprop=\"thumbnailUrl\" srcset=\"https:\/\/genip.fi\/fi\/wp-content\/uploads\/sites\/3\/2025\/09\/Outi-Virtaharju.jpg 710w, https:\/\/genip.fi\/fi\/wp-content\/uploads\/sites\/3\/2025\/09\/Outi-Virtaharju-200x300.jpg 200w, https:\/\/genip.fi\/fi\/wp-content\/uploads\/sites\/3\/2025\/09\/Outi-Virtaharju-687x1030.jpg 687w, https:\/\/genip.fi\/fi\/wp-content\/uploads\/sites\/3\/2025\/09\/Outi-Virtaharju-470x705.jpg 470w\" sizes=\"(max-width: 710px) 100vw, 710px\" \/><\/div><\/div><\/div>\n<\/div><\/div><div class=\"flex_cell no_margin av_one_half  avia-builder-el-34  el_after_av_cell_one_half  avia-builder-el-last   \"  style='background: #ffffff; vertical-align:middle; padding:50px; background-color:#ffffff; ' ><div class='flex_cell_inner' ><p><div  style='padding-bottom:0px; font-size:30px;' class='av-special-heading av-special-heading-h3  blockquote modern-quote  avia-builder-el-35  el_before_av_textblock  avia-builder-el-first  av-inherit-size '><h3 class='av-special-heading-tag '  itemprop=\"headline\"  >Outi Virtaharju<\/h3><div class='special-heading-border'><div class='special-heading-inner-border' ><\/div><\/div><\/div><br \/>\n<section class=\"av_textblock_section \"  itemscope=\"itemscope\" itemtype=\"https:\/\/schema.org\/CreativeWork\" ><div class='avia_textblock  '   itemprop=\"text\" ><p>European Patent Attorney<br \/>\nAuktorisoitu patenttiasiamies<br \/>\nUPC Representative<\/p>\n<p>Tel. +358 10 6666 <span lang=\"en-FI\">357<\/span><\/p>\n<\/div><\/section><br \/>\n<section class=\"av_textblock_section \"  itemscope=\"itemscope\" itemtype=\"https:\/\/schema.org\/CreativeWork\" ><div class='avia_textblock  '   itemprop=\"text\" ><p><a href=\"https:\/\/genip.fi\/fi\/outi-virtaharju-tyoskentelen-genip-oy\/\">&gt; lue lis\u00e4\u00e4<\/a><\/p>\n<\/div><\/section><\/p>\n<\/div><\/div><\/div><div id='av-layout-grid-5'  class='av-layout-grid-container entry-content-wrapper main_color av-flex-cells   av-desktop-hide av-medium-hide   avia-builder-el-38  el_after_av_layout_row  el_before_av_layout_row  submenu-not-first container_wrap fullsize' style=' '  >\n<div class=\"flex_cell no_margin av_one_full  avia-builder-el-39  avia-builder-el-no-sibling   av-zero-padding \"  style='background: #ffffff; vertical-align:middle; padding:0; background-color:#ffffff; ' ><div class='flex_cell_inner' ><div  class='avia-image-container  av-styling-no-styling    avia-builder-el-40  avia-builder-el-no-sibling  avia-align-center '  itemprop=\"image\" itemscope=\"itemscope\" itemtype=\"https:\/\/schema.org\/ImageObject\"  ><div class='avia-image-container-inner'><div class='avia-image-overlay-wrap'><img class='wp-image-696 avia-img-lazy-loading-not-696 avia_image' src=\"https:\/\/genip.fi\/fi\/wp-content\/uploads\/sites\/3\/2025\/09\/Hanna-Karkulahti.jpg\" alt='' title='Hanna-Karkulahti' height=\"1065\" width=\"710\"  itemprop=\"thumbnailUrl\" srcset=\"https:\/\/genip.fi\/fi\/wp-content\/uploads\/sites\/3\/2025\/09\/Hanna-Karkulahti.jpg 710w, https:\/\/genip.fi\/fi\/wp-content\/uploads\/sites\/3\/2025\/09\/Hanna-Karkulahti-200x300.jpg 200w, https:\/\/genip.fi\/fi\/wp-content\/uploads\/sites\/3\/2025\/09\/Hanna-Karkulahti-687x1030.jpg 687w, https:\/\/genip.fi\/fi\/wp-content\/uploads\/sites\/3\/2025\/09\/Hanna-Karkulahti-470x705.jpg 470w\" sizes=\"(max-width: 710px) 100vw, 710px\" \/><\/div><\/div><\/div>\n<\/div><\/div>\n<\/div><\/p>\n<div id='av-layout-grid-6'  class='av-layout-grid-container entry-content-wrapper main_color av-flex-cells     avia-builder-el-41  el_after_av_layout_row  el_before_av_layout_row  submenu-not-first container_wrap fullsize' style=' '  >\n<div class=\"flex_cell no_margin av_one_half  avia-builder-el-42  el_before_av_cell_one_half  avia-builder-el-first   \"  style='background: #ffffff; vertical-align:middle; padding:50px; background-color:#ffffff; ' ><div class='flex_cell_inner' ><p><div  style='padding-bottom:0px; font-size:30px;' class='av-special-heading av-special-heading-h3  blockquote modern-quote  avia-builder-el-43  el_before_av_textblock  avia-builder-el-first  av-inherit-size '><h3 class='av-special-heading-tag '  itemprop=\"headline\"  >Hanna Karkulahti<\/h3><div class='special-heading-border'><div class='special-heading-inner-border' ><\/div><\/div><\/div><br \/>\n<section class=\"av_textblock_section \"  itemscope=\"itemscope\" itemtype=\"https:\/\/schema.org\/CreativeWork\" ><div class='avia_textblock  '   itemprop=\"text\" ><p>IP Specialist<\/p>\n<p>Certified European Patent Administrator (EPAC)<\/p>\n<p>Tel. +358 10 6666 356<\/p>\n<\/div><\/section><br \/>\n<section class=\"av_textblock_section \"  itemscope=\"itemscope\" itemtype=\"https:\/\/schema.org\/CreativeWork\" ><div class='avia_textblock  '   itemprop=\"text\" ><p><a href=\"https:\/\/genip.fi\/fi\/hanna-karkulahti-ip-spesialisti\/\">&gt; lue lis\u00e4\u00e4<\/a><\/p>\n<\/div><\/section><\/p>\n<\/div><\/div><div class=\"flex_cell no_margin av_one_half  avia-builder-el-46  el_after_av_cell_one_half  avia-builder-el-last   av-zero-padding av-hide-on-mobile  \"  style='background: #b9a694; vertical-align:top; padding:0; background-color:#b9a694; ' ><div class='flex_cell_inner' ><div  class='avia-image-container  av-styling-no-styling    avia-builder-el-47  avia-builder-el-no-sibling  portrait avia-align-left '  itemprop=\"image\" itemscope=\"itemscope\" itemtype=\"https:\/\/schema.org\/ImageObject\"  ><div class='avia-image-container-inner'><div class='avia-image-overlay-wrap'><img class='wp-image-696 avia-img-lazy-loading-not-696 avia_image' src=\"https:\/\/genip.fi\/fi\/wp-content\/uploads\/sites\/3\/2025\/09\/Hanna-Karkulahti.jpg\" alt='' title='Hanna-Karkulahti' height=\"1065\" width=\"710\"  itemprop=\"thumbnailUrl\" srcset=\"https:\/\/genip.fi\/fi\/wp-content\/uploads\/sites\/3\/2025\/09\/Hanna-Karkulahti.jpg 710w, https:\/\/genip.fi\/fi\/wp-content\/uploads\/sites\/3\/2025\/09\/Hanna-Karkulahti-200x300.jpg 200w, https:\/\/genip.fi\/fi\/wp-content\/uploads\/sites\/3\/2025\/09\/Hanna-Karkulahti-687x1030.jpg 687w, https:\/\/genip.fi\/fi\/wp-content\/uploads\/sites\/3\/2025\/09\/Hanna-Karkulahti-470x705.jpg 470w\" sizes=\"(max-width: 710px) 100vw, 710px\" \/><\/div><\/div><\/div>\n<\/div><\/div>\n<\/div>\n<div id='av-layout-grid-7'  class='av-layout-grid-container entry-content-wrapper main_color av-flex-cells     avia-builder-el-48  el_after_av_layout_row  avia-builder-el-last  submenu-not-first container_wrap fullsize' style=' '  >\n<div class=\"flex_cell no_margin av_one_half  avia-builder-el-49  el_before_av_cell_one_half  avia-builder-el-first   av-zero-padding \"  style='background: #465d55; vertical-align:top; padding:0; background-color:#465d55; ' ><div class='flex_cell_inner' ><div  class='avia-image-container  av-styling-no-styling    avia-builder-el-50  avia-builder-el-no-sibling  avia-align-right '  itemprop=\"image\" itemscope=\"itemscope\" itemtype=\"https:\/\/schema.org\/ImageObject\"  ><div class='avia-image-container-inner'><div class='avia-image-overlay-wrap'><img class='wp-image-699 avia-img-lazy-loading-not-699 avia_image' src=\"https:\/\/genip.fi\/fi\/wp-content\/uploads\/sites\/3\/2025\/09\/Kirsi-Partamies.jpg\" alt='' title='Kirsi-Partamies' height=\"1065\" width=\"710\"  itemprop=\"thumbnailUrl\" srcset=\"https:\/\/genip.fi\/fi\/wp-content\/uploads\/sites\/3\/2025\/09\/Kirsi-Partamies.jpg 710w, https:\/\/genip.fi\/fi\/wp-content\/uploads\/sites\/3\/2025\/09\/Kirsi-Partamies-200x300.jpg 200w, https:\/\/genip.fi\/fi\/wp-content\/uploads\/sites\/3\/2025\/09\/Kirsi-Partamies-687x1030.jpg 687w, https:\/\/genip.fi\/fi\/wp-content\/uploads\/sites\/3\/2025\/09\/Kirsi-Partamies-470x705.jpg 470w\" sizes=\"(max-width: 710px) 100vw, 710px\" \/><\/div><\/div><\/div>\n<\/div><\/div><div class=\"flex_cell no_margin av_one_half  avia-builder-el-51  el_after_av_cell_one_half  avia-builder-el-last   \"  style='background: #ffffff; vertical-align:middle; padding:50px; background-color:#ffffff; ' ><div class='flex_cell_inner' ><p><div  style='padding-bottom:0px; font-size:30px;' class='av-special-heading av-special-heading-h3  blockquote modern-quote  avia-builder-el-52  el_before_av_textblock  avia-builder-el-first  av-inherit-size '><h3 class='av-special-heading-tag '  itemprop=\"headline\"  >Kirsi Partamies<\/h3><div class='special-heading-border'><div class='special-heading-inner-border' ><\/div><\/div><\/div><br \/>\n<section class=\"av_textblock_section \"  itemscope=\"itemscope\" itemtype=\"https:\/\/schema.org\/CreativeWork\" ><div class='avia_textblock  '   itemprop=\"text\" ><p>IP Specialist<\/p>\n<p>Certified European Patent Administrator (EPAC)<\/p>\n<p>Tel. +358 10 6666 353<\/p>\n<\/div><\/section><br \/>\n<section class=\"av_textblock_section \"  itemscope=\"itemscope\" itemtype=\"https:\/\/schema.org\/CreativeWork\" ><div class='avia_textblock  '   itemprop=\"text\" ><p><a href=\"https:\/\/genip.fi\/fi\/kirsi-partamies-ip-spesialisti\">&gt; lue lis\u00e4\u00e4<\/a><\/p>\n<\/div><\/section><\/p>\n<\/div><\/div>\n<\/div>\n","protected":false},"excerpt":{"rendered":"","protected":false},"author":1,"featured_media":0,"parent":0,"menu_order":0,"comment_status":"closed","ping_status":"closed","template":"","meta":[],"_links":{"self":[{"href":"https:\/\/genip.fi\/fi\/wp-json\/wp\/v2\/pages\/126"}],"collection":[{"href":"https:\/\/genip.fi\/fi\/wp-json\/wp\/v2\/pages"}],"about":[{"href":"https:\/\/genip.fi\/fi\/wp-json\/wp\/v2\/types\/page"}],"author":[{"embeddable":true,"href":"https:\/\/genip.fi\/fi\/wp-json\/wp\/v2\/users\/1"}],"replies":[{"embeddable":true,"href":"https:\/\/genip.fi\/fi\/wp-json\/wp\/v2\/comments?post=126"}],"version-history":[{"count":101,"href":"https:\/\/genip.fi\/fi\/wp-json\/wp\/v2\/pages\/126\/revisions"}],"predecessor-version":[{"id":720,"href":"https:\/\/genip.fi\/fi\/wp-json\/wp\/v2\/pages\/126\/revisions\/720"}],"wp:attachment":[{"href":"https:\/\/genip.fi\/fi\/wp-json\/wp\/v2\/media?parent=126"}],"curies":[{"name":"wp","href":"https:\/\/api.w.org\/{rel}","templated":true}]}}