{"id":291,"date":"2020-10-06T11:10:23","date_gmt":"2020-10-06T09:10:23","guid":{"rendered":"https:\/\/genip.fi\/fi\/?page_id=291"},"modified":"2025-09-24T10:54:14","modified_gmt":"2025-09-24T08:54:14","slug":"hanna-karkulahti-ip-spesialisti","status":"publish","type":"page","link":"https:\/\/genip.fi\/fi\/hanna-karkulahti-ip-spesialisti\/","title":{"rendered":"Hanna Karkulahti"},"content":{"rendered":"<div id='av-layout-grid-1'  class='av-layout-grid-container entry-content-wrapper main_color av-flex-cells     avia-builder-el-0  avia-builder-el-no-sibling  container_wrap fullsize' style=' '  >\n<div class=\"flex_cell no_margin av_one_half  avia-builder-el-1  el_before_av_cell_one_half  avia-builder-el-first   av-zero-padding \"  style='background: #465d55; vertical-align:top; padding:0; background-color:#465d55; ' ><div class='flex_cell_inner' ><div  class='avia-image-container  av-styling-    avia-builder-el-2  avia-builder-el-no-sibling  avia-align-right '  itemprop=\"image\" itemscope=\"itemscope\" itemtype=\"https:\/\/schema.org\/ImageObject\"  ><div class='avia-image-container-inner'><div class='avia-image-overlay-wrap'><img class='wp-image-696 avia-img-lazy-loading-not-696 avia_image' src=\"https:\/\/genip.fi\/fi\/wp-content\/uploads\/sites\/3\/2025\/09\/Hanna-Karkulahti.jpg\" alt='' title='Hanna-Karkulahti' height=\"1065\" width=\"710\"  itemprop=\"thumbnailUrl\" srcset=\"https:\/\/genip.fi\/fi\/wp-content\/uploads\/sites\/3\/2025\/09\/Hanna-Karkulahti.jpg 710w, https:\/\/genip.fi\/fi\/wp-content\/uploads\/sites\/3\/2025\/09\/Hanna-Karkulahti-200x300.jpg 200w, https:\/\/genip.fi\/fi\/wp-content\/uploads\/sites\/3\/2025\/09\/Hanna-Karkulahti-687x1030.jpg 687w, https:\/\/genip.fi\/fi\/wp-content\/uploads\/sites\/3\/2025\/09\/Hanna-Karkulahti-470x705.jpg 470w\" sizes=\"(max-width: 710px) 100vw, 710px\" \/><\/div><\/div><\/div>\n<\/div><\/div><div class=\"flex_cell no_margin av_one_half  avia-builder-el-3  el_after_av_cell_one_half  avia-builder-el-last   \" ><div class='flex_cell_inner' ><p><div  style='padding-bottom:10px; ' class='av-special-heading av-special-heading-h1  blockquote modern-quote  avia-builder-el-4  el_before_av_textblock  avia-builder-el-first  '><h1 class='av-special-heading-tag '  itemprop=\"headline\"  >Hanna Karkulahti<\/h1><div class='special-heading-border'><div class='special-heading-inner-border' ><\/div><\/div><\/div><br \/>\n<section class=\"av_textblock_section \"  itemscope=\"itemscope\" itemtype=\"https:\/\/schema.org\/CreativeWork\" ><div class='avia_textblock  '   itemprop=\"text\" ><p>Ty\u00f6skentelen Genip Oy:ss\u00e4 Kotkassa IP-spesialistina vastaten my\u00f6s laskutuksesta ja ostoreskontrasta. Aloitin Genipill\u00e4 vuonna 2012. Aiemmin olen ty\u00f6skennellyt mm. hallinnollisissa sek\u00e4 taloushallinnon ja liikenteenhoidon teht\u00e4viss\u00e4 Fortum Oil &amp; Gas Oy:ss\u00e4, Stora Enso Oyj:ss\u00e4 \u00a0ja ILP-International Logistics Partners Oy:ss\u00e4.<\/p>\n<p>Valmistuin tradenomiksi Ven\u00e4j\u00e4n-kaupan koulutusohjelmasta Etel\u00e4-Karjalan ammattikorkeakoulusta vuonna 2003, jonka j\u00e4lkeen olen suorittanut MBA-tutkinnon (tradenomi, ylempi AMK) Kymenlaakson ammattikorkeakoulussa vuonna 2014. Lis\u00e4ksi olen suorittanut laskentatoimen aineopinnot It\u00e4-Suomen avoimessa yliopistossa ja opiskellut k\u00e4\u00e4nt\u00e4mist\u00e4 ja tulkkausta Helsingin yliopistossa.<\/p>\n<p>Osaamistani laajentaakseni suoritin hyv\u00e4ksytysti EPAC-kokeen (European Patent Administration Certification) joulukuussa 2022, jolloin koe j\u00e4rjestettiin ensimm\u00e4ist\u00e4 kertaa.<\/p>\n<p>Vahvuuksiani ovat tarkkuus ja huolellisuus. Pyrin aina ajattelemaan asiakasl\u00e4ht\u00f6isesti kokonaisuuden huomioiden.<\/p>\n<p>Puhun sujuvasti suomea ja englantia ja ty\u00f6skentelen tarvittaessa my\u00f6s ruotsin, saksan ja ven\u00e4j\u00e4n kielill\u00e4.<\/p>\n<p><a href=\"https:\/\/www.linkedin.com\/in\/hanna-karkulahti-30b84979\/\" target=\"_blank\" rel=\"nofollow noopener\">LinkedIn-profiili: Hanna Karkulahti<\/a><\/p>\n<\/div><\/section><\/p>\n<\/div><\/div><\/div>\n","protected":false},"excerpt":{"rendered":"","protected":false},"author":1,"featured_media":0,"parent":0,"menu_order":0,"comment_status":"closed","ping_status":"closed","template":"","meta":[],"_links":{"self":[{"href":"https:\/\/genip.fi\/fi\/wp-json\/wp\/v2\/pages\/291"}],"collection":[{"href":"https:\/\/genip.fi\/fi\/wp-json\/wp\/v2\/pages"}],"about":[{"href":"https:\/\/genip.fi\/fi\/wp-json\/wp\/v2\/types\/page"}],"author":[{"embeddable":true,"href":"https:\/\/genip.fi\/fi\/wp-json\/wp\/v2\/users\/1"}],"replies":[{"embeddable":true,"href":"https:\/\/genip.fi\/fi\/wp-json\/wp\/v2\/comments?post=291"}],"version-history":[{"count":8,"href":"https:\/\/genip.fi\/fi\/wp-json\/wp\/v2\/pages\/291\/revisions"}],"predecessor-version":[{"id":710,"href":"https:\/\/genip.fi\/fi\/wp-json\/wp\/v2\/pages\/291\/revisions\/710"}],"wp:attachment":[{"href":"https:\/\/genip.fi\/fi\/wp-json\/wp\/v2\/media?parent=291"}],"curies":[{"name":"wp","href":"https:\/\/api.w.org\/{rel}","templated":true}]}}