{"id":293,"date":"2020-10-06T11:10:24","date_gmt":"2020-10-06T09:10:24","guid":{"rendered":"https:\/\/genip.fi\/fi\/?page_id=293"},"modified":"2025-09-24T10:54:37","modified_gmt":"2025-09-24T08:54:37","slug":"janne-verajankorva-patenttiasiamies","status":"publish","type":"page","link":"https:\/\/genip.fi\/fi\/janne-verajankorva-patenttiasiamies\/","title":{"rendered":"Janne Ver\u00e4j\u00e4nkorva"},"content":{"rendered":"<div id='av-layout-grid-1'  class='av-layout-grid-container entry-content-wrapper main_color av-flex-cells     avia-builder-el-0  avia-builder-el-no-sibling  container_wrap fullsize' style=' '  >\n<div class=\"flex_cell no_margin av_one_half  avia-builder-el-1  el_before_av_cell_one_half  avia-builder-el-first   av-zero-padding \"  style='background: #465d55; vertical-align:top; padding:0; background-color:#465d55; ' ><div class='flex_cell_inner' ><div  class='avia-image-container  av-styling-    avia-builder-el-2  avia-builder-el-no-sibling  avia-align-right '  itemprop=\"image\" itemscope=\"itemscope\" itemtype=\"https:\/\/schema.org\/ImageObject\"  ><div class='avia-image-container-inner'><div class='avia-image-overlay-wrap'><img class='wp-image-697 avia-img-lazy-loading-not-697 avia_image' src=\"https:\/\/genip.fi\/fi\/wp-content\/uploads\/sites\/3\/2025\/09\/Janne-Veraejaenkorva.jpg\" alt='' title='Janne-Veraejaenkorva' height=\"1065\" width=\"710\"  itemprop=\"thumbnailUrl\" srcset=\"https:\/\/genip.fi\/fi\/wp-content\/uploads\/sites\/3\/2025\/09\/Janne-Veraejaenkorva.jpg 710w, https:\/\/genip.fi\/fi\/wp-content\/uploads\/sites\/3\/2025\/09\/Janne-Veraejaenkorva-200x300.jpg 200w, https:\/\/genip.fi\/fi\/wp-content\/uploads\/sites\/3\/2025\/09\/Janne-Veraejaenkorva-687x1030.jpg 687w, https:\/\/genip.fi\/fi\/wp-content\/uploads\/sites\/3\/2025\/09\/Janne-Veraejaenkorva-470x705.jpg 470w\" sizes=\"(max-width: 710px) 100vw, 710px\" \/><\/div><\/div><\/div>\n<\/div><\/div><div class=\"flex_cell no_margin av_one_half  avia-builder-el-3  el_after_av_cell_one_half  avia-builder-el-last   \" ><div class='flex_cell_inner' ><p><div  style='padding-bottom:10px; ' class='av-special-heading av-special-heading-h1  blockquote modern-quote  avia-builder-el-4  el_before_av_textblock  avia-builder-el-first  '><h1 class='av-special-heading-tag '  itemprop=\"headline\"  >Janne Ver\u00e4j\u00e4nkorva<\/h1><div class='special-heading-border'><div class='special-heading-inner-border' ><\/div><\/div><\/div><br \/>\n<section class=\"av_textblock_section \"  itemscope=\"itemscope\" itemtype=\"https:\/\/schema.org\/CreativeWork\" ><div class='avia_textblock  '   itemprop=\"text\" ><p>Ty\u00f6skentelen Genip Oy:ss\u00e4 patenttiasiamiehen\u00e4 p\u00e4\u00e4asiassa kotikonttorilla Porvoossa, mutta my\u00f6s Kotkan toimipisteess\u00e4mme. Minulla on p\u00e4tevyys edustaa asiakkaita Euroopan patenttivirastossa (EPO), Suomen Patentti- ja rekisterihallituksessa (PRH) sek\u00e4 Maailman henkisen omaisuuden j\u00e4rjest\u00f6ss\u00e4 (WIPO). Pohjakoulutukseltani olen diplomi-insin\u00f6\u00f6ri konetekniikan alalta (TKK 1996).<\/p>\n<p>Ty\u00f6urani alkoi Metso Paper Oy:ss\u00e4 tuotekehitysinsin\u00f6\u00f6rin\u00e4, jossa yhten\u00e4 teht\u00e4v\u00e4n\u00e4 oli uusien tuotteiden ja tuoteparannusten keksiminen. Siit\u00e4 polkuni jatkui tuotekehityksen patenttiyhdyshenkil\u00f6ksi ja patentti-insin\u00f6\u00f6riksi sek\u00e4 edelleen IPR managerin rooliin. Vuonna 2004 vaihdoin Berggren Oy:n palvelukseen, jossa ty\u00f6skentelin reilut 10 vuotta erilaisissa patentteihin liittyviss\u00e4 teht\u00e4viss\u00e4. 2015 vaihdoin UPM Kymmenelle, jossa hoidin sellun valmistuksen ja Biomedicals-alueen patenttiasioita. 2019 tulin Genip Oy:n palvelukseen ja nykyisin hoidan asiakastoimeksiantojen ohella toimitusjohtajan teht\u00e4v\u00e4t.<\/p>\n<p>Tekninen taustani ja kokemukseni kattaa erityisesti koneiden ja laitteiden mekaaniset ratkaisut, prosessitekniikan erityisesti mets\u00e4teollisuuden alalla sek\u00e4 ajoneuvo-, meri- ja muun kuljetusv\u00e4linetekniikan, rakennus- ja rakennesuunnittelun, asetekniikan, energiatekniikan (mukaan lukien uusiutuva energia ja varastointi), valmistusmenetelm\u00e4t ja tuotteiden k\u00e4sittelyn.<\/p>\n<p>Erityisi\u00e4 kiinnostuksen kohteitani ovat liiketoimintastrategian ja IPR-strategian yhdist\u00e4minen \u2013 n\u00e4en vahvan patenttiportfolion rakentamisen liiketoimintal\u00e4ht\u00f6isen\u00e4 kokonaisuutena, joka tukee asiakkaan pitk\u00e4n aikav\u00e4lin menestyst\u00e4. Kaiken patentointiin liittyv\u00e4n t\u00e4ytyy tukea yrityksen liiketoimintaa, t\u00e4m\u00e4 punainen lanka on hyv\u00e4 pit\u00e4\u00e4 aina mieless\u00e4 ja se onkin palveluni kulmakivi.<\/p>\n<p><a href=\"https:\/\/www.linkedin.com\/in\/janne-verajankorva-b85b654\/\" target=\"_blank\" rel=\"nofollow noopener\">LinkedIn-profiili: Janne Ver\u00e4j\u00e4nkorva\u00a0<\/a><\/p>\n<\/div><\/section><\/p>\n<\/div><\/div><\/div>\n","protected":false},"excerpt":{"rendered":"","protected":false},"author":1,"featured_media":0,"parent":0,"menu_order":0,"comment_status":"closed","ping_status":"closed","template":"","meta":[],"_links":{"self":[{"href":"https:\/\/genip.fi\/fi\/wp-json\/wp\/v2\/pages\/293"}],"collection":[{"href":"https:\/\/genip.fi\/fi\/wp-json\/wp\/v2\/pages"}],"about":[{"href":"https:\/\/genip.fi\/fi\/wp-json\/wp\/v2\/types\/page"}],"author":[{"embeddable":true,"href":"https:\/\/genip.fi\/fi\/wp-json\/wp\/v2\/users\/1"}],"replies":[{"embeddable":true,"href":"https:\/\/genip.fi\/fi\/wp-json\/wp\/v2\/comments?post=293"}],"version-history":[{"count":6,"href":"https:\/\/genip.fi\/fi\/wp-json\/wp\/v2\/pages\/293\/revisions"}],"predecessor-version":[{"id":711,"href":"https:\/\/genip.fi\/fi\/wp-json\/wp\/v2\/pages\/293\/revisions\/711"}],"wp:attachment":[{"href":"https:\/\/genip.fi\/fi\/wp-json\/wp\/v2\/media?parent=293"}],"curies":[{"name":"wp","href":"https:\/\/api.w.org\/{rel}","templated":true}]}}