{"id":294,"date":"2020-10-06T11:10:24","date_gmt":"2020-10-06T09:10:24","guid":{"rendered":"https:\/\/genip.fi\/fi\/?page_id=294"},"modified":"2025-09-24T10:55:00","modified_gmt":"2025-09-24T08:55:00","slug":"jari-ristola-patenttiasiamies","status":"publish","type":"page","link":"https:\/\/genip.fi\/fi\/jari-ristola-patenttiasiamies\/","title":{"rendered":"Jari Ristola"},"content":{"rendered":"<div id='av-layout-grid-1'  class='av-layout-grid-container entry-content-wrapper main_color av-flex-cells     avia-builder-el-0  avia-builder-el-no-sibling  container_wrap fullsize' style=' '  >\n<div class=\"flex_cell no_margin av_one_half  avia-builder-el-1  el_before_av_cell_one_half  avia-builder-el-first   av-zero-padding \"  style='background: #465d55; vertical-align:top; padding:0; background-color:#465d55; ' ><div class='flex_cell_inner' ><div  class='avia-image-container  av-styling-    avia-builder-el-2  avia-builder-el-no-sibling  avia-align-right '  itemprop=\"image\" itemscope=\"itemscope\" itemtype=\"https:\/\/schema.org\/ImageObject\"  ><div class='avia-image-container-inner'><div class='avia-image-overlay-wrap'><img class='wp-image-698 avia-img-lazy-loading-not-698 avia_image' src=\"https:\/\/genip.fi\/fi\/wp-content\/uploads\/sites\/3\/2025\/09\/Jari-Ristola.jpg\" alt='' title='Jari-Ristola' height=\"1065\" width=\"710\"  itemprop=\"thumbnailUrl\" srcset=\"https:\/\/genip.fi\/fi\/wp-content\/uploads\/sites\/3\/2025\/09\/Jari-Ristola.jpg 710w, https:\/\/genip.fi\/fi\/wp-content\/uploads\/sites\/3\/2025\/09\/Jari-Ristola-200x300.jpg 200w, https:\/\/genip.fi\/fi\/wp-content\/uploads\/sites\/3\/2025\/09\/Jari-Ristola-687x1030.jpg 687w, https:\/\/genip.fi\/fi\/wp-content\/uploads\/sites\/3\/2025\/09\/Jari-Ristola-470x705.jpg 470w\" sizes=\"(max-width: 710px) 100vw, 710px\" \/><\/div><\/div><\/div>\n<\/div><\/div><div class=\"flex_cell no_margin av_one_half  avia-builder-el-3  el_after_av_cell_one_half  avia-builder-el-last   \" ><div class='flex_cell_inner' ><p><div  style='padding-bottom:10px; ' class='av-special-heading av-special-heading-h1  blockquote modern-quote  avia-builder-el-4  el_before_av_textblock  avia-builder-el-first  '><h1 class='av-special-heading-tag '  itemprop=\"headline\"  >Jari Ristola<\/h1><div class='special-heading-border'><div class='special-heading-inner-border' ><\/div><\/div><\/div><br \/>\n<section class=\"av_textblock_section \"  itemscope=\"itemscope\" itemtype=\"https:\/\/schema.org\/CreativeWork\" ><div class='avia_textblock  '   itemprop=\"text\" ><p>Ty\u00f6skentelen Genip Oy:ss\u00e4 patenttiasiamiehen\u00e4 Kotkan toimistossamme. Olen diplomi-insin\u00f6\u00f6ri energiatekniikan alalta, ja teollisoikeuksien parissa olen toiminut jo vuosien ajan.<\/p>\n<p>Ennen siirtymist\u00e4 patenttialalle toimin tutkimus- ja kehitysinsin\u00f6\u00f6rin\u00e4 sek\u00e4 tuotekehitysp\u00e4\u00e4llikk\u00f6n\u00e4 paperikoneteollisuudessa. Lis\u00e4ksi olen ty\u00f6skennellyt patentti-insin\u00f6\u00f6rin\u00e4 teollisuudessa, joten tunnen suojaamiseen liittyv\u00e4t tarpeet my\u00f6s yrityksen n\u00e4k\u00f6kulmasta. Ty\u00f6ni on kattanut muun muassa energiateknologiaa, leijupetipolttotekniikkaa ja -kaasutusta, polttomoottoreita, pumppuja, p\u00e4\u00e4st\u00f6jen v\u00e4hennystekniikoita, meriteknologiaa, sellu- ja paperiteollisuuden koneita ja prosesseja, lukitustekniikkaa sek\u00e4 paperin j\u00e4lkik\u00e4sittely\u00e4.<\/p>\n<p>Ty\u00f6skentelytapani perustuu huolellisuuteen ja liiketoimintal\u00e4ht\u00f6isyyteen. Uskon, ett\u00e4 hyv\u00e4 suoja l\u00e4htee laadukkaasta ty\u00f6st\u00e4 \u2013 mutta yht\u00e4 t\u00e4rke\u00e4\u00e4 on, ett\u00e4 asiakas saa selke\u00e4n k\u00e4sityksen tilanteesta ja suositelluista toimenpiteist\u00e4. Pyrin aina v\u00e4ltt\u00e4m\u00e4\u00e4n vaikeaselkoista asiantuntijasanastoa ja viestim\u00e4\u00e4n asioista niin, ett\u00e4 ne tukevat asiakkaan p\u00e4\u00e4t\u00f6ksentekoa parhaalla mahdollisella tavalla.<\/p>\n<p>Jos etsit asiamiest\u00e4, joka yhdist\u00e4\u00e4 teknisen ymm\u00e4rryksen, k\u00e4yt\u00e4nn\u00f6n kokemuksen ja selke\u00e4n viestinn\u00e4n, autan mielell\u00e4ni.<\/p>\n<p>Ty\u00f6kielet: suomi ja englanti<\/p>\n<p><a href=\"https:\/\/www.linkedin.com\/in\/jari-ristola-5a4b51ab\/\" target=\"_blank\" rel=\"nofollow noopener\">LinkedIn-profiili Jari Ristola<\/a><\/p>\n<\/div><\/section><\/p>\n<\/div><\/div><\/div>\n","protected":false},"excerpt":{"rendered":"","protected":false},"author":1,"featured_media":0,"parent":0,"menu_order":0,"comment_status":"closed","ping_status":"closed","template":"","meta":[],"_links":{"self":[{"href":"https:\/\/genip.fi\/fi\/wp-json\/wp\/v2\/pages\/294"}],"collection":[{"href":"https:\/\/genip.fi\/fi\/wp-json\/wp\/v2\/pages"}],"about":[{"href":"https:\/\/genip.fi\/fi\/wp-json\/wp\/v2\/types\/page"}],"author":[{"embeddable":true,"href":"https:\/\/genip.fi\/fi\/wp-json\/wp\/v2\/users\/1"}],"replies":[{"embeddable":true,"href":"https:\/\/genip.fi\/fi\/wp-json\/wp\/v2\/comments?post=294"}],"version-history":[{"count":6,"href":"https:\/\/genip.fi\/fi\/wp-json\/wp\/v2\/pages\/294\/revisions"}],"predecessor-version":[{"id":712,"href":"https:\/\/genip.fi\/fi\/wp-json\/wp\/v2\/pages\/294\/revisions\/712"}],"wp:attachment":[{"href":"https:\/\/genip.fi\/fi\/wp-json\/wp\/v2\/media?parent=294"}],"curies":[{"name":"wp","href":"https:\/\/api.w.org\/{rel}","templated":true}]}}