{"id":295,"date":"2020-10-06T11:10:24","date_gmt":"2020-10-06T09:10:24","guid":{"rendered":"https:\/\/genip.fi\/fi\/?page_id=295"},"modified":"2025-09-24T10:55:25","modified_gmt":"2025-09-24T08:55:25","slug":"kirsi-partamies-ip-spesialisti","status":"publish","type":"page","link":"https:\/\/genip.fi\/fi\/kirsi-partamies-ip-spesialisti\/","title":{"rendered":"Kirsi Partamies"},"content":{"rendered":"<div id='av-layout-grid-1'  class='av-layout-grid-container entry-content-wrapper main_color av-flex-cells     avia-builder-el-0  avia-builder-el-no-sibling  container_wrap fullsize' style=' '  >\n<div class=\"flex_cell no_margin av_one_half  avia-builder-el-1  el_before_av_cell_one_half  avia-builder-el-first   av-zero-padding \"  style='background: #465d55; vertical-align:top; padding:0; background-color:#465d55; ' ><div class='flex_cell_inner' ><div  class='avia-image-container  av-styling-    avia-builder-el-2  avia-builder-el-no-sibling  avia-align-right '  itemprop=\"image\" itemscope=\"itemscope\" itemtype=\"https:\/\/schema.org\/ImageObject\"  ><div class='avia-image-container-inner'><div class='avia-image-overlay-wrap'><img class='wp-image-699 avia-img-lazy-loading-not-699 avia_image' src=\"https:\/\/genip.fi\/fi\/wp-content\/uploads\/sites\/3\/2025\/09\/Kirsi-Partamies.jpg\" alt='' title='Kirsi-Partamies' height=\"1065\" width=\"710\"  itemprop=\"thumbnailUrl\" srcset=\"https:\/\/genip.fi\/fi\/wp-content\/uploads\/sites\/3\/2025\/09\/Kirsi-Partamies.jpg 710w, https:\/\/genip.fi\/fi\/wp-content\/uploads\/sites\/3\/2025\/09\/Kirsi-Partamies-200x300.jpg 200w, https:\/\/genip.fi\/fi\/wp-content\/uploads\/sites\/3\/2025\/09\/Kirsi-Partamies-687x1030.jpg 687w, https:\/\/genip.fi\/fi\/wp-content\/uploads\/sites\/3\/2025\/09\/Kirsi-Partamies-470x705.jpg 470w\" sizes=\"(max-width: 710px) 100vw, 710px\" \/><\/div><\/div><\/div>\n<\/div><\/div><div class=\"flex_cell no_margin av_one_half  avia-builder-el-3  el_after_av_cell_one_half  avia-builder-el-last   \" ><div class='flex_cell_inner' ><p><div  style='padding-bottom:10px; ' class='av-special-heading av-special-heading-h1  blockquote modern-quote  avia-builder-el-4  el_before_av_textblock  avia-builder-el-first  '><h1 class='av-special-heading-tag '  itemprop=\"headline\"  >Kirsi Partamies<\/h1><div class='special-heading-border'><div class='special-heading-inner-border' ><\/div><\/div><\/div><br \/>\n<section class=\"av_textblock_section \"  itemscope=\"itemscope\" itemtype=\"https:\/\/schema.org\/CreativeWork\" ><div class='avia_textblock  '   itemprop=\"text\" ><p>Olen toiminut IP-spesialistina Genip Oy:n Varkauden toimistolla vuodesta 2009.<\/p>\n<p>Aloitin t\u00e4ll\u00e4 alalla 1987 ty\u00f6skennellen ensin k\u00e4\u00e4nt\u00e4j\u00e4-kirjeenvaihtajana, sittemmin patenttiassistenttina, A. Ahlstr\u00f6m Osakeyhti\u00f6n patenttiosastolla.<\/p>\n<p>Siirryin 1995 Foster Wheeler Energia Oy:lle ja olin perustamassa heid\u00e4n patenttiosastoaan toimien IP-assistenttina siell\u00e4 vuoteen 2004, mink\u00e4 j\u00e4lkeen vuosina 2005 \u2013 2008 ty\u00f6skentelin IP-assistenttina Ahlstr\u00f6m Karhulan Palvelut Oy:n (my\u00f6hemmin Coor Service Management Karhula Oy) patenttiosastolla. Sielt\u00e4 siirryinkin Genipin palvelukseen.<\/p>\n<p>Minulla on loppututkinto Turun Yliopistosta vuodelta 1990, p\u00e4\u00e4aineena englantilainen filologia, sivuaineina germaaninen filologia ja kansainv\u00e4linen oikeus.<\/p>\n<p>Suoritin EPAC-kokeen (European Patent Administration Certification) hyv\u00e4ksytysti joulukuussa 2022, kun Euroopan Patenttivirasto j\u00e4rjesti kokeen ensimm\u00e4ist\u00e4 kertaa.<\/p>\n<p>Tarkkuutta ja huolellisuutta vaativa ty\u00f6, jossa tietotaitoaan on p\u00e4ivitett\u00e4v\u00e4 jatkuvasti, tuntuu yh\u00e4 omalta.\u00a0 Yhteisty\u00f6n sek\u00e4 asiakkaiden ett\u00e4 patenttiasiamiesten kanssa niin Suomessa kuin maailmanlaajuisesti koen eritt\u00e4in antoisaksi ja t\u00e4rke\u00e4ksi osaksi ty\u00f6t\u00e4ni.<\/p>\n<p>Ty\u00f6kieleni ovat suomi, englanti, saksa ja ruotsi.<\/p>\n<p><a href=\"https:\/\/www.linkedin.com\/in\/kirsi-partamies-b46775183\/\" target=\"_blank\" rel=\"nofollow noopener\">LinkedIn-profiili: Kirsi Partamies<\/a><\/p>\n<\/div><\/section><\/p>\n<\/div><\/div><\/div>\n","protected":false},"excerpt":{"rendered":"","protected":false},"author":1,"featured_media":0,"parent":0,"menu_order":0,"comment_status":"closed","ping_status":"closed","template":"","meta":[],"_links":{"self":[{"href":"https:\/\/genip.fi\/fi\/wp-json\/wp\/v2\/pages\/295"}],"collection":[{"href":"https:\/\/genip.fi\/fi\/wp-json\/wp\/v2\/pages"}],"about":[{"href":"https:\/\/genip.fi\/fi\/wp-json\/wp\/v2\/types\/page"}],"author":[{"embeddable":true,"href":"https:\/\/genip.fi\/fi\/wp-json\/wp\/v2\/users\/1"}],"replies":[{"embeddable":true,"href":"https:\/\/genip.fi\/fi\/wp-json\/wp\/v2\/comments?post=295"}],"version-history":[{"count":11,"href":"https:\/\/genip.fi\/fi\/wp-json\/wp\/v2\/pages\/295\/revisions"}],"predecessor-version":[{"id":713,"href":"https:\/\/genip.fi\/fi\/wp-json\/wp\/v2\/pages\/295\/revisions\/713"}],"wp:attachment":[{"href":"https:\/\/genip.fi\/fi\/wp-json\/wp\/v2\/media?parent=295"}],"curies":[{"name":"wp","href":"https:\/\/api.w.org\/{rel}","templated":true}]}}