{"id":440,"date":"2022-10-11T12:19:17","date_gmt":"2022-10-11T10:19:17","guid":{"rendered":"https:\/\/genip.fi\/fi\/referenzen-copy\/"},"modified":"2025-06-02T07:42:31","modified_gmt":"2025-06-02T05:42:31","slug":"palvelut","status":"publish","type":"page","link":"https:\/\/genip.fi\/fi\/palvelut\/","title":{"rendered":"Palvelut"},"content":{"rendered":"<div id='company'  class='avia-section main_color avia-section-huge avia-no-border-styling  avia-bg-style-scroll  avia-builder-el-0  el_before_av_section  avia-builder-el-first   container_wrap fullsize' style=' '  ><div class='container' ><main  role=\"main\" itemprop=\"mainContentOfPage\"  class='template-page content  av-content-full alpha units'><div class='post-entry post-entry-type-page post-entry-440'><div class='entry-content-wrapper clearfix'>\n<div  style='padding-bottom:35px; ' class='av-special-heading av-special-heading-h1  blockquote modern-quote  avia-builder-el-1  el_before_av_two_third  avia-builder-el-first  '><h1 class='av-special-heading-tag '  itemprop=\"headline\"  >Palvelut<\/h1><div class='special-heading-border'><div class='special-heading-inner-border' ><\/div><\/div><\/div>\n<div class=\"flex_column av_two_third  flex_column_div av-zero-column-padding first  avia-builder-el-2  el_after_av_heading  el_before_av_one_third  \" style='border-radius:0px; '><p><section class=\"av_textblock_section \"  id=\"service_1\"  itemscope=\"itemscope\" itemtype=\"https:\/\/schema.org\/CreativeWork\" ><div class='avia_textblock  '   itemprop=\"text\" ><p><a href=\"#service_1\">Patenttihakemuksen laatiminen ja virastok\u00e4sittelyn hoitaminen<\/a><\/p>\n<p><a href=\"#service_2\">Patenttiv\u00e4itteen laatiminen<\/a><\/p>\n<p><a href=\"#service_4\">Varoituskirje patentin loukkauksesta<\/a><\/p>\n<p><a href=\"#service_5\">Tuotekehityksen tuki<\/a><\/p>\n<p><a href=\"#service_6\">Ennakkoarviot<\/a><\/p>\n<p><a href=\"#service_7\">Tuotekehityksen tulosten suojaaminen<\/a><\/p>\n<p><a href=\"#service_9\">Ulkomaiset suojaus- ja selvitystoimenpiteet<\/a><\/p>\n<p><a href=\"#service_10\">Kolmansien osapuolien toimenpiteet ja teollisoikeudet<\/a><\/p>\n<\/div><\/section><br \/>\n<div  style=' margin-top:30px; margin-bottom:30px;'  class='hr hr-custom hr-left hr-icon-no   avia-builder-el-4  el_after_av_textblock  el_before_av_textblock '><span class='hr-inner  inner-border-av-border-thin' style=' width:150px; border-color:#333333;' ><span class='hr-inner-style'><\/span><\/span><\/div><br \/>\n<section class=\"av_textblock_section \"  id=\"service_1\"  itemscope=\"itemscope\" itemtype=\"https:\/\/schema.org\/CreativeWork\" ><div class='avia_textblock  '   itemprop=\"text\" ><p><strong>Patenttihakemuksen laatiminen ja virastok\u00e4sittelyn hoitaminen<\/strong><\/p>\n<p>Patenttihakemus on asiakirja, jossa keksint\u00f6 kuvataan niin yksityiskohtaisesti, ett\u00e4 keksint\u00f6\u00e4 pystyt\u00e4\u00e4n k\u00e4ytt\u00e4m\u00e4\u00e4n. Toisaalta patenttivaatimukset m\u00e4\u00e4rittelev\u00e4t halutun patenttisuojan laajuuden. On my\u00f6s hyv\u00e4 ottaa huomioon, ett\u00e4 yleens\u00e4 patenttihakemus tulee julkiseksi viimeist\u00e4\u00e4n puolentoista vuoden kuluttua patentin hakemisesta tai kun patentti my\u00f6nnet\u00e4\u00e4n. Patenttiasiamiehemme osaavat ottaa n\u00e4m\u00e4 eri n\u00e4k\u00f6kohdat huomioon miettiess\u00e4\u00e4n kanssanne rajanvetoa liikesalaisuuksien ja patenttisuojan v\u00e4lill\u00e4.<\/p>\n<p>Laadimme patenttihakemuksia asiakkaan toimittamien tietojen ja materiaalin perusteella. Patenttihakemusta laatiessa pystymme ottamaan huomioon asiakkaan liiketoiminnalliset tavoitteet ja suunnitelmat tuotekehityksen ja markkinoinnin osalta. Pyrimme selke\u00e4\u00e4n ilmaisuun, jotta teksti olisi helposti ymm\u00e4rrett\u00e4viss\u00e4 ja k\u00e4\u00e4nnett\u00e4viss\u00e4 vieraille kielille mahdollista ulkomaista patentointia varten. Hakemukset voidaan saattaa vireille suomalaisena patenttihakemuksena, eurooppalaisena patenttihakemuksena tai kansainv\u00e4lisen\u00e4 patenttihakemuksena (ns. PCT-hakemus).<\/p>\n<\/div><\/section><br \/>\n<div  style='height:30px' class='hr hr-invisible   avia-builder-el-6  el_after_av_textblock  el_before_av_textblock '><span class='hr-inner ' ><span class='hr-inner-style'><\/span><\/span><\/div><br \/>\n<section class=\"av_textblock_section \"  id=\"service_2\"  itemscope=\"itemscope\" itemtype=\"https:\/\/schema.org\/CreativeWork\" ><div class='avia_textblock  '   itemprop=\"text\" ><p><strong>Patenttiv\u00e4itteen laatiminen<\/strong><\/p>\n<p>H\u00e4iritseek\u00f6 kilpailijan patentti tai hy\u00f6dyllisyysmalli? Asiamiehemme auttavat selvitt\u00e4m\u00e4\u00e4n, olisiko patentti kumottavissa v\u00e4itek\u00e4sittelyss\u00e4. Laadimme my\u00f6s patenttiv\u00e4itteit\u00e4 ja hoidamme v\u00e4itek\u00e4sittely\u00e4 Patentti- ja rekisterihallituksessa ja Euroopan patenttivirastossa. Asiamiehill\u00e4mme on vuosien kokemus my\u00f6s valitusk\u00e4sittelyist\u00e4 Markkinaoikeudessa ja Euroopan patenttiviraston valituslautakunnassa. Meill\u00e4 on kokemusta my\u00f6s Markkinaoikeuden p\u00e4\u00e4t\u00f6ksist\u00e4 valittamisesta Korkeimpaan hallinto-oikeuteen.<\/p>\n<\/div><\/section><br \/>\n<div  style='height:30px' class='hr hr-invisible   avia-builder-el-8  el_after_av_textblock  el_before_av_textblock '><span class='hr-inner ' ><span class='hr-inner-style'><\/span><\/span><\/div><br \/>\n<section class=\"av_textblock_section \"  id=\"service_3\"  itemscope=\"itemscope\" itemtype=\"https:\/\/schema.org\/CreativeWork\" ><div class='avia_textblock  '   itemprop=\"text\" ><p><strong>Varoituskirje patentin loukkauksesta<\/strong><\/p>\n<p>Saitteko varoituskirjeen v\u00e4itetyn patenttiloukkauksen? Asia on syyt\u00e4 k\u00e4sitell\u00e4 kiireellisesti, jotta pystyt\u00e4\u00e4n v\u00e4ltt\u00e4m\u00e4\u00e4n asian eteneminen riitaiseksi jutuksi, jolloin haastemies toimittaa haasteen patenttiloukkauksesta.<\/p>\n<p>Riippumatta siit\u00e4, onko teid\u00e4n teollisoikeuksianne loukattu vai v\u00e4itet\u00e4\u00e4nk\u00f6 teid\u00e4n loukanneen jonkun toisen teollisoikeuksia, asiamiehemme osaa neuvoa.<\/p>\n<p>Asiamiehemme ovat kokeneita my\u00f6s ulkomailla yleisten varoituskirjeiden k\u00e4sittelyss\u00e4. Olemme osallistuneet my\u00f6s loukkauksista k\u00e4yt\u00e4viin oikeudenk\u00e4ynteihin.<\/p>\n<p>Asiamiehemme osaa k\u00e4yd\u00e4 tilanteenne l\u00e4vitse ja neuvoa jatkotoimenpiteiden osalta. Usein asiassa tarvitaan lis\u00e4ksi asianajajaa tai ulkomaista lakimiest\u00e4. Genip Oy:ll\u00e4 on kattava verkosto ulkomaisia lakitoimistoja yhteisty\u00f6kumppaneina. Heid\u00e4n asiantuntemuksensa on asiakkaidemme k\u00e4ytett\u00e4viss\u00e4 ongelmatilanteiden ratkaisemiseksi.<\/p>\n<p>Vastaavasti osaamme k\u00e4yd\u00e4 tilanteen l\u00e4vitse ja neuvoa jatkotoimenpiteiden osalta, jos joku esimerkiksi k\u00e4ytt\u00e4\u00e4 asiakkaamme patenttia luvatta.<\/p>\n<\/div><\/section><br \/>\n<div  style='height:30px' class='hr hr-invisible   avia-builder-el-10  el_after_av_textblock  el_before_av_textblock '><span class='hr-inner ' ><span class='hr-inner-style'><\/span><\/span><\/div><br \/>\n<section class=\"av_textblock_section \"  id=\"service_4\"  itemscope=\"itemscope\" itemtype=\"https:\/\/schema.org\/CreativeWork\" ><div class='avia_textblock  '   itemprop=\"text\" ><p><strong>Tuotekehityksen tuki<\/strong><\/p>\n<p>Yritykset investoivat merkitt\u00e4vi\u00e4 summia tuotekehitykseen. Palvelumme kattavat teollisoikeuksiin liittyen tuotekehitt\u00e4j\u00e4n tarpeet koko tuotekehitysprosessin ajalle. Ennen tuotekehitysprosessin alkua teht\u00e4vist\u00e4 esiselvityksist\u00e4 tuotteen ymp\u00e4rille rakennettavan IPR-suojan laatimiseen ja oikeuksien puolustamiseen tuotteiden ollessa jo markkinoilla. Osa palveluistamme on usein mahdollista rahoittaa\u00a0<a href=\"https:\/\/www.businessfinland.fi\/suomalaisille-asiakkaille\/palvelut\/rahoitus\/tutkimus-ja-kehitysrahoitus\/innovaatioseteli\/\">erilaisten<\/a> julkisten rahoitusten avulla.<\/p>\n<\/div><\/section><br \/>\n<div  style='height:30px' class='hr hr-invisible   avia-builder-el-12  el_after_av_textblock  el_before_av_textblock '><span class='hr-inner ' ><span class='hr-inner-style'><\/span><\/span><\/div><br \/>\n<section class=\"av_textblock_section \"  id=\"service_5\"  itemscope=\"itemscope\" itemtype=\"https:\/\/schema.org\/CreativeWork\" ><div class='avia_textblock  '   itemprop=\"text\" ><p><strong>Ennakkoarviot<\/strong><\/p>\n<p>Ennen tuotekehityksen aloitusta on syyt\u00e4 tiet\u00e4\u00e4 milt\u00e4 tilanne kyseisell\u00e4 teknologia-alueella n\u00e4ytt\u00e4\u00e4. Onko kilpailijoilla sellaisia voimassa olevia oikeuksia, jotka rajoittavat taloudellisesti j\u00e4rkev\u00e4n liiketoiminnan rakentamista tai onko oman tuotekehityksen mahdollinen lopputulos suojattavissa siten, ettei tehty investointi valu kilpailijan taskuun? Toimintavapauden selvitys tai arvio keksinn\u00f6n patentoitavuudesta tai tavaramerkin rekister\u00f6it\u00e4vyydest\u00e4 on saatavissa meilt\u00e4. Selvit\u00e4mme suojausmahdollisuudet paitsi aivan uusien tuotteiden kehityksen osalta my\u00f6s olemassa oleville tuotteille teht\u00e4vien parannusten osalta. K\u00e4yt\u00e4nn\u00f6ss\u00e4 t\u00e4m\u00e4 tarkoittaa, ett\u00e4 asiamiehemme perehtyv\u00e4t tilanteeseenne ja selvitt\u00e4v\u00e4t asiasis\u00e4ll\u00f6n kannalta mahdollisesti k\u00e4ytett\u00e4viss\u00e4 olevat suojakeinot ja -muodot.<\/p>\n<\/div><\/section><br \/>\n<div  style='height:30px' class='hr hr-invisible   avia-builder-el-14  el_after_av_textblock  el_before_av_textblock '><span class='hr-inner ' ><span class='hr-inner-style'><\/span><\/span><\/div><br \/>\n<section class=\"av_textblock_section \"  id=\"service_6\"  itemscope=\"itemscope\" itemtype=\"https:\/\/schema.org\/CreativeWork\" ><div class='avia_textblock  '   itemprop=\"text\" ><p><strong>Tuotekehityksen tulosten suojaaminen<\/strong><\/p>\n<p>Tuotekehitysty\u00f6n tulokset ovat arvokasta tietoa ja taitoa yritykselle. T\u00e4t\u00e4 ei turhaan kannata luovuttaa kilpailijoille, joten tulosten suojaamisesta on syyt\u00e4 tehd\u00e4 harkittu p\u00e4\u00e4t\u00f6s. Tulokset voidaan muuttaa rekister\u00f6idyiksi oikeuksiksi, mutta toisinaan on tarkoituksenmukaista olla paljastamatta hankittua osaamista kilpailijoille. Avustamme t\u00e4ss\u00e4 p\u00e4\u00e4t\u00f6ksenteossa. Kokemuksemme mukaan se, onko tilanteessa parempi turvautua rekister\u00f6ityihin oikeuksiin vai olisiko parempi varmistaa know-how\u2019n salassa pysyminen, riippuu tilanteesta mutta my\u00f6s tuotekehitystuloksien yksityiskohdista. P\u00e4\u00e4t\u00f6ksenne tueksi me kerromme n\u00e4kemyksemme reilusti, k\u00e4sill\u00e4 olevaan todelliseen tietoon pohjautuen.<\/p>\n<p>Mik\u00e4li p\u00e4\u00e4t\u00f6ksenne on hakea rekister\u00f6ity\u00e4 suojaoikeutta tuotekehitysty\u00f6n tulokselle, laadimme haettavasta oikeudesta teille luonnoksen, jossa otetaan huomioon ty\u00f6n tulokset, aiemmin tunnetun tekniikan ja se milt\u00e4 alueelta kilpailija pyrit\u00e4\u00e4n pit\u00e4m\u00e4\u00e4n poissa. Samoin otamme huomioon teid\u00e4n omat ajatukset liiketoimintanne tulevista mahdollisista kehityssuunnista. N\u00e4m\u00e4 huomioiden rakennamme juuri k\u00e4ytt\u00f6\u00f6nne soveltuvan hakemusluonnoksen. Kun luonnos on valmis, hakemus tehd\u00e4\u00e4n liiketoimintanne tavoitteiden kannalta soveltuvinta reitti\u00e4, oli se sitten suomalainen hakemus, eurooppalainen hakemus, kansainv\u00e4linen hakemus tai joku muu kansallinen hakemus. Etenemme aina liiketoimintanne kannalta tarkoituksenmukaisimmalla tavalla.<\/p>\n<p>Hoidamme kaikki tarvittavat toimenpiteet halutuilla kohdemarkkinoilla patentti- tai hy\u00f6dyllisyysmallihakemuksena, mallioikeushakemuksena tai tavaramerkkihakemuksena, sek\u00e4 suosittelemme sopivimman ajoituksen toimenpiteille.<\/p>\n<\/div><\/section><br \/>\n<div  style='height:30px' class='hr hr-invisible   avia-builder-el-16  el_after_av_textblock  el_before_av_textblock '><span class='hr-inner ' ><span class='hr-inner-style'><\/span><\/span><\/div><br \/>\n<section class=\"av_textblock_section \"  id=\"service_7\"  itemscope=\"itemscope\" itemtype=\"https:\/\/schema.org\/CreativeWork\" ><div class='avia_textblock  '   itemprop=\"text\" ><p><strong>Ulkomaiset suojaus- ja selvitystoimenpiteet<\/strong><\/p>\n<p>Genip Oy tuottaa itse palveluita patenttien ja \u00a0hy\u00f6dyllisyysmallien, rekister\u00f6imiseksi Suomessa, sek\u00e4 eurooppalaisiin ja kansainv\u00e4lisiin patenttihakemuksiin liittyvi\u00e4 palveluita. T\u00e4ll\u00e4 hetkell\u00e4 emme itse tuota palveluita tavaramerkkien tai mallioikeuksien osalta, mutta ohjaamme toimeksiannot yhteisty\u00f6kumppaneillemme.<\/p>\n<p>Vuosien varrella rakentamamme yhteisty\u00f6verkoston avulla tarjoamme suojaus- ja selvitystoimenpiteit\u00e4 kaikissa niiss\u00e4 maissa, joissa emme ole oikeutettuja edustamaan asiakkaitamme tai oma osaamisemme ei yll\u00e4.<\/p>\n<\/div><\/section><br \/>\n<div  style='height:30px' class='hr hr-invisible   avia-builder-el-18  el_after_av_textblock  el_before_av_textblock '><span class='hr-inner ' ><span class='hr-inner-style'><\/span><\/span><\/div><br \/>\n<section class=\"av_textblock_section \"  id=\"service_8\"  itemscope=\"itemscope\" itemtype=\"https:\/\/schema.org\/CreativeWork\" ><div class='avia_textblock  '   itemprop=\"text\" ><p><strong>Kolmansien osapuolien toimenpiteet ja teollisoikeudet<\/strong><\/p>\n<p>Palvelemme erilaisissa toimenpiteiss\u00e4 koskien kolmansia osapuolia ja teollisoikeuksia. Toisinaan on havaittavissa, ett\u00e4 kolmannen osapuolen rekister\u00f6ity oikeus on rekister\u00f6ity v\u00e4\u00e4rin perustein. T\u00e4llaisessa tilanteessa on tapauksesta riippuen yleens\u00e4 mahdollista pyrki\u00e4 kumoamaan rekister\u00f6inti hallinnollisessa k\u00e4sittelyss\u00e4 tai mit\u00e4t\u00f6im\u00e4\u00e4n se oikeusk\u00e4sittelyss\u00e4.<\/p>\n<p>Avustamme asianajajia patentti-, malli- ja merkkioikeudenk\u00e4ynneiss\u00e4 Suomessa. Ulkomailla on k\u00e4ytett\u00e4viss\u00e4 vuosien varrella rakentamamme yhteisty\u00f6verkoston osaaminen.<\/p>\n<p>Palvelemme my\u00f6s yritys- ja liiketoimintakauppoihin liittyviss\u00e4 IPR-arvioissa (M&amp;A-arviot, Due Diligence -arviot).<\/p>\n<\/div><\/section><br \/>\n<div  style='height:30px' class='hr hr-invisible   avia-builder-el-20  el_after_av_textblock  el_before_av_hr '><span class='hr-inner ' ><span class='hr-inner-style'><\/span><\/span><\/div><br \/>\n<div  style='height:30px' class='hr hr-invisible   avia-builder-el-21  el_after_av_hr  avia-builder-el-last '><span class='hr-inner ' ><span class='hr-inner-style'><\/span><\/span><\/div><\/p><\/div><div class=\"flex_column av_one_third  av-hide-on-mobile  flex_column_div av-zero-column-padding   avia-builder-el-22  el_after_av_two_third  avia-builder-el-last  \" style='border-radius:0px; '><\/div><\/div><\/div><\/main><!-- close content main element --><\/div><\/div><div id='av_section_2'  class='avia-section main_color avia-section-default avia-no-border-styling  avia-bg-style-scroll  avia-builder-el-23  el_after_av_section  avia-builder-el-last   container_wrap fullsize' style=' '  ><div class='container' ><div class='template-page content  av-content-full alpha units'><div class='post-entry post-entry-type-page post-entry-440'><div class='entry-content-wrapper clearfix'><\/p>\n","protected":false},"excerpt":{"rendered":"","protected":false},"author":1,"featured_media":0,"parent":0,"menu_order":0,"comment_status":"closed","ping_status":"closed","template":"","meta":[],"_links":{"self":[{"href":"https:\/\/genip.fi\/fi\/wp-json\/wp\/v2\/pages\/440"}],"collection":[{"href":"https:\/\/genip.fi\/fi\/wp-json\/wp\/v2\/pages"}],"about":[{"href":"https:\/\/genip.fi\/fi\/wp-json\/wp\/v2\/types\/page"}],"author":[{"embeddable":true,"href":"https:\/\/genip.fi\/fi\/wp-json\/wp\/v2\/users\/1"}],"replies":[{"embeddable":true,"href":"https:\/\/genip.fi\/fi\/wp-json\/wp\/v2\/comments?post=440"}],"version-history":[{"count":8,"href":"https:\/\/genip.fi\/fi\/wp-json\/wp\/v2\/pages\/440\/revisions"}],"predecessor-version":[{"id":676,"href":"https:\/\/genip.fi\/fi\/wp-json\/wp\/v2\/pages\/440\/revisions\/676"}],"wp:attachment":[{"href":"https:\/\/genip.fi\/fi\/wp-json\/wp\/v2\/media?parent=440"}],"curies":[{"name":"wp","href":"https:\/\/api.w.org\/{rel}","templated":true}]}}