{"id":702,"date":"2025-09-24T10:42:22","date_gmt":"2025-09-24T08:42:22","guid":{"rendered":"https:\/\/genip.fi\/fi\/?page_id=702"},"modified":"2025-09-24T11:30:21","modified_gmt":"2025-09-24T09:30:21","slug":"outi-virtaharju-tyoskentelen-genip-oy","status":"publish","type":"page","link":"https:\/\/genip.fi\/fi\/outi-virtaharju-tyoskentelen-genip-oy\/","title":{"rendered":"Outi Virtaharju"},"content":{"rendered":"<div id='av-layout-grid-1'  class='av-layout-grid-container entry-content-wrapper main_color av-flex-cells     avia-builder-el-0  avia-builder-el-no-sibling  container_wrap fullsize' style=' '  >\n<div class=\"flex_cell no_margin av_one_half  avia-builder-el-1  el_before_av_cell_one_half  avia-builder-el-first   av-zero-padding \"  style='background: #465d55; vertical-align:top; padding:0; background-color:#465d55; ' ><div class='flex_cell_inner' ><div  class='avia-image-container  av-styling-    avia-builder-el-2  avia-builder-el-no-sibling  avia-align-right '  itemprop=\"image\" itemscope=\"itemscope\" itemtype=\"https:\/\/schema.org\/ImageObject\"  ><div class='avia-image-container-inner'><div class='avia-image-overlay-wrap'><img class='wp-image-700 avia-img-lazy-loading-not-700 avia_image' src=\"https:\/\/genip.fi\/fi\/wp-content\/uploads\/sites\/3\/2025\/09\/Outi-Virtaharju.jpg\" alt='' title='Outi-Virtaharju' height=\"1065\" width=\"710\"  itemprop=\"thumbnailUrl\" srcset=\"https:\/\/genip.fi\/fi\/wp-content\/uploads\/sites\/3\/2025\/09\/Outi-Virtaharju.jpg 710w, https:\/\/genip.fi\/fi\/wp-content\/uploads\/sites\/3\/2025\/09\/Outi-Virtaharju-200x300.jpg 200w, https:\/\/genip.fi\/fi\/wp-content\/uploads\/sites\/3\/2025\/09\/Outi-Virtaharju-687x1030.jpg 687w, https:\/\/genip.fi\/fi\/wp-content\/uploads\/sites\/3\/2025\/09\/Outi-Virtaharju-470x705.jpg 470w\" sizes=\"(max-width: 710px) 100vw, 710px\" \/><\/div><\/div><\/div>\n<\/div><\/div><div class=\"flex_cell no_margin av_one_half  avia-builder-el-3  el_after_av_cell_one_half  avia-builder-el-last   \" ><div class='flex_cell_inner' ><p><div  style='padding-bottom:10px; ' class='av-special-heading av-special-heading-h1  blockquote modern-quote  avia-builder-el-4  el_before_av_textblock  avia-builder-el-first  '><h1 class='av-special-heading-tag '  itemprop=\"headline\"  >Outi Virtaharju<\/h1><div class='special-heading-border'><div class='special-heading-inner-border' ><\/div><\/div><\/div><br \/>\n<section class=\"av_textblock_section \"  itemscope=\"itemscope\" itemtype=\"https:\/\/schema.org\/CreativeWork\" ><div class='avia_textblock  '   itemprop=\"text\" ><p>Ty\u00f6skentelen Genip Oy:ss\u00e4 patenttiasiamiehen\u00e4. P\u00e4\u00e4s\u00e4\u00e4nt\u00f6isesti teen t\u00f6it\u00e4 kotikonttorilla Kuopiossa. Minulla on p\u00e4tevyys edustaa asiakkaita Euroopan patenttivirastossa (EPO), Suomen Patentti- ja rekisterihallituksessa (PRH), Maailman henkisen omaisuuden j\u00e4rjest\u00f6ss\u00e4 (WIPO) sek\u00e4 yhdistetyss\u00e4 patenttituomioistuimessa (Unified Patent Court, UPC). Pohjakoulutukseltani olen filosofian maisteri (FM), p\u00e4\u00e4aineinani bioteknologia ja kemia (Kuopion yliopisto 1997).<\/p>\n<p>Vuosituhannen alusta asti olen ty\u00f6skennellyt patenttiasiamiehen\u00e4 eri patenttiasiamiestoimistoissa, viimeksi Berggren Oy:ss\u00e4. Olen my\u00f6s toiminut entsyymiteollisuudessa patentti-insin\u00f6\u00f6rin\u00e4. N\u00e4in\u00e4 vuosina n\u00e4in p\u00e4ivitt\u00e4in teollisoikeudet kiinte\u00e4n\u00e4 osana yrityksen liiketoimintaa ja t\u00e4st\u00e4 ymm\u00e4rryksest\u00e4 on muodostunut ammatillisen ajatteluni ydin.<\/p>\n<p>Olen tehnyt selvityksi\u00e4 ja suojannut keksint\u00f6j\u00e4 liittyen muun muassa puu-, paperi- ja vesikemiaan, ymp\u00e4rist\u00f6sovelluksiin ja analytiikkaan sek\u00e4 kiertotalouteen, bioteknologiaan, personoituun l\u00e4\u00e4ketieteeseen, kliiniseen diagnostiikkaan ja l\u00e4\u00e4keaineisiin, elintarvikekemiaan prosesseineen, kosmetiikkaan sek\u00e4 tekstiileihin.<\/p>\n<p>Ty\u00f6ni l\u00e4ht\u00f6kohtana on asiakkaan liiketoiminta ja sen tukeminen. Olen tottunut keskustelemaan asiakasyrityksen suojaustarpeista sek\u00e4 mahdollisten suojausten taloudellisesta merkityksest\u00e4 liiketoiminnalle. Kaikkea ei yleens\u00e4 ole syyt\u00e4 pyrki\u00e4\u00a0suojaamaan ja pystyn tukemaan asiakasta t\u00e4ss\u00e4 arvioinnissa.<\/p>\n<p><a href=\"https:\/\/www.linkedin.com\/in\/outi-virtaharju-66495130\/\" target=\"_blank\" rel=\"nofollow noopener\">LinkedIn-profiili: Outi Virtaharju<\/a><\/p>\n<\/div><\/section><\/p>\n<\/div><\/div><\/div>\n","protected":false},"excerpt":{"rendered":"","protected":false},"author":1,"featured_media":0,"parent":0,"menu_order":0,"comment_status":"closed","ping_status":"closed","template":"","meta":[],"_links":{"self":[{"href":"https:\/\/genip.fi\/fi\/wp-json\/wp\/v2\/pages\/702"}],"collection":[{"href":"https:\/\/genip.fi\/fi\/wp-json\/wp\/v2\/pages"}],"about":[{"href":"https:\/\/genip.fi\/fi\/wp-json\/wp\/v2\/types\/page"}],"author":[{"embeddable":true,"href":"https:\/\/genip.fi\/fi\/wp-json\/wp\/v2\/users\/1"}],"replies":[{"embeddable":true,"href":"https:\/\/genip.fi\/fi\/wp-json\/wp\/v2\/comments?post=702"}],"version-history":[{"count":4,"href":"https:\/\/genip.fi\/fi\/wp-json\/wp\/v2\/pages\/702\/revisions"}],"predecessor-version":[{"id":718,"href":"https:\/\/genip.fi\/fi\/wp-json\/wp\/v2\/pages\/702\/revisions\/718"}],"wp:attachment":[{"href":"https:\/\/genip.fi\/fi\/wp-json\/wp\/v2\/media?parent=702"}],"curies":[{"name":"wp","href":"https:\/\/api.w.org\/{rel}","templated":true}]}}